{"id":712,"date":"2019-02-01T02:00:24","date_gmt":"2019-02-01T02:00:24","guid":{"rendered":"https:\/\/ninetheme.com\/themes\/agro\/?page_id=2"},"modified":"2022-12-20T12:27:08","modified_gmt":"2022-12-20T15:27:08","slug":"home-1","status":"publish","type":"page","link":"http:\/\/176.52.130.206\/Institucional\/","title":{"rendered":"Home"},"content":{"rendered":"[vc_row][vc_column][\/vc_column][vc_column]<div id=\"start-screen\" class=\"start-screen start-screen--style-1 item_69f17fcdeb7f5\" data-scroll-discover=\"true\" data-res-css=\"   \"><div id=\"start-screen__bg\" class=\"start-screen__bg\"><div id=\"vegas-slider\" data-autoplay=\"false\" data-timer=\"false\" data-dots=\"true\" data-duration=\"8000\" data-delay=\"6000\" data-transition=\"['fade', 'zoomOut', 'blur', 'swirlLeft', 'swirlRight']\" data-overlayimg=\"http:\/\/176.52.130.206\/Institucional\/wp-content\/themes\/agro-child\/images\/overlays\/05.png\"><div class=\"vegas-control\"><span id=\"vegas-control__prev\" class=\"vegas-control__btn\">Prev<\/span><span id=\"vegas-control__next\" class=\"vegas-control__btn\">Next<\/span><\/div><\/div><\/div><div id=\"start-screen__content-container\" class=\"start-screen__content-container text-white\"><div class=\"start-screen__content__item start-screen__content__item--2 align-items-center item_69f17fcdeb880\" data-img-src=\"http:\/\/176.52.130.206\/Institucional\/wp-content\/uploads\/2021\/05\/HOME-portada.jpg\" data-video=\"false\" data-res-css=\"                 \"><div class=\"container\"><div class=\"row align-items-center\"><div class=\"col-12 col-md col-lg-9 col-xl-8\"><div class=\"__name\">Bienvenidos<\/div><h5 class=\"__title text-white\">Somos Cerealista Moldes <br><span><\/span><\/h5><\/div><div class=\"col-12 my-3 d-md-none\"><\/div><\/div><\/div><\/div><div class=\"start-screen__content__item start-screen__content__item--2 align-items-center item_69f17fcdebb2a\" data-img-src=\"http:\/\/176.52.130.206\/Institucional\/wp-content\/uploads\/2021\/03\/acceso-clientes-y-proveedores-HOME-scaled.jpg\" data-video=\"false\" data-res-css=\"              .start-screen__content__item.start-screen__content__item--2.item_69f17fcdebb2a .custom-btn {background-color: #50a6e0; }   \"><div class=\"container\"><div class=\"row align-items-center\"><div class=\"col-12 col-md col-lg-9 col-xl-12\"><div class=\"__name\">Acceso<\/div><h2 class=\"__title text-white\">Clientes y Proveedores <br><span><\/span><\/h2><p class=\"mt-5 mt-md-10\"><span class=\"d-none d-sm-block\"><a class=\"custom-btn custom-btn--big custom-btn--style-3\" href=\"http:\/\/www.cerealistamoldes.com.ar\/clientes\">Ingresar<\/a><\/span><span class=\"d-block d-sm-none\"><a class=\"custom-btn custom-btn--small custom-btn--style-3 href=\"http:\/\/www.cerealistamoldes.com.ar\/clientes\">Ingresar<\/a><\/span><\/p><\/div><div class=\"col-12 my-3 d-md-none\"><\/div><\/div><\/div><\/div><\/div><span class=\"scroll-discover\"><\/span><\/div>[\/vc_column][\/vc_row][vc_row full_width=&#8221;container-stretch&#8221; parallax=&#8221;content-moving-fade&#8221; parallax_image=&#8221;20&#8243; css=&#8221;.vc_custom_1615383079832{margin-bottom: -50px !important;}&#8221; el_class=&#8221;section&#8221;][vc_column][vc_empty_space height=&#8221;50px&#8221;][vc_column_text css_animation=&#8221;fadeIn&#8221;]\n<h3 style=\"text-align: center;\"><span style=\"color: #ffffff;\">Nuestra misi\u00f3n es ser un agente de servicio para el sector agropecuario, generando valor para nuestros grupos de inter\u00e9s a trav\u00e9s del conocimiento, la innovaci\u00f3n constante y la responsabilidad social.<\/span><\/h3>\n[\/vc_column_text][vc_empty_space height=&#8221;150px&#8221;][\/vc_column][\/vc_row][vc_row full_width=&#8221;container-stretch&#8221; css=&#8221;.vc_custom_1615381850793{margin-top: 0px !important;margin-bottom: 0px !important;border-top-width: 0px !important;border-bottom-width: 0px !important;padding-top: 2% !important;padding-bottom: 2% !important;}&#8221; el_class=&#8221;section&#8221;][vc_column][vc_empty_space height=&#8221;50px&#8221;][\/vc_column][\/vc_row][vc_row full_width=&#8221;container-stretch&#8221; css=&#8221;.vc_custom_1615381850793{margin-top: 0px !important;margin-bottom: 0px !important;border-top-width: 0px !important;border-bottom-width: 0px !important;padding-top: 2% !important;padding-bottom: 2% !important;}&#8221; el_class=&#8221;section&#8221;][vc_column][vc_column_text]\n<div style=\"padding: 56.25% 0 0 0; position: relative;\"><iframe id=\"embeddedVideo\" style=\"position: absolute; top: 0; left: 0; width: 100%; height: 100%;\" src=\"https:\/\/player.vimeo.com\/video\/514943497?autoplay=1&amp;title=0&amp;byline=0&amp;portrait=0&amp;muted=1\" frameborder=\"0\" allowfullscreen=\"allowfullscreen\"><br \/>\n<\/iframe><\/div>\n<p><script src=\"https:\/\/player.vimeo.com\/api\/player.js\"><\/script><br \/>\n[\/vc_column_text][vc_empty_space height=&#8221;50px&#8221;][\/vc_column][\/vc_row][vc_row full_width=&#8221;container-stretch&#8221; css=&#8221;.vc_custom_1549758588878{margin-bottom: -50px !important;}&#8221; el_class=&#8221;section&#8221;][vc_column]<div class=\"section section--no-pt section--no-pb section--gutter item_69f17fcdebda2 vc_custom_1622996635711\" data-res-css=\"   .product-preview .__item:hover .__image+.__content {background-color: #288ebf; }            \">\n            <div class=\"container-fluid px-md-0\">\n                <div class=\"product-preview product-preview--style-1\">\n                    <div class=\"__inner\">\n                        <div class=\"row\"><div class=\"col-12  \"><div class=\"__item\"><div class=\"__intro-text\"><div class=\"row\"><div class=\"col-md-11\"><h2> <span><\/span><\/h2><p><\/p><\/div><\/div><\/div><\/div><\/div><div class=\"col-12 col-md-7 col-xl-7 \"><div class=\"__item\"><figure class=\"__image\"><img src=\"http:\/\/176.52.130.206\/Institucional\/wp-content\/uploads\/2021\/04\/10-04-2021-18-56-21.png\" class=\"img-fluid\" alt=\"10-04-2021-18-56-21.png\"><\/figure><div class=\"__content\"><h3 class=\"__title\">Log\u00edstica<\/h3><\/div><a class=\"__link\" href=\"#\"><\/a><\/div><\/div><div class=\"col-12 col-md-5 col-xl-5 \"><div class=\"__item\"><figure class=\"__image\"><img src=\"http:\/\/176.52.130.206\/Institucional\/wp-content\/uploads\/2021\/03\/28-03-2021-20-28-28.jpg\" class=\"img-fluid\" alt=\"28-03-2021-20-28-28.jpg\"><\/figure><div class=\"__content\"><h3 class=\"__title\">Descarga<\/h3><\/div><a class=\"__link\" href=\"#\"><\/a><\/div><\/div><div class=\"col-12 col-md-12 col-xl-12 \"><div class=\"__item\"><figure class=\"__image\"><img src=\"http:\/\/176.52.130.206\/Institucional\/wp-content\/uploads\/2021\/03\/28-03-2021-20-08-59.jpg\" class=\"img-fluid\" alt=\"28-03-2021-20-08-59.jpg\"><\/figure><div class=\"__content\"><h3 class=\"__title\">Solidez<\/h3><\/div><a class=\"__link\" href=\"#\"><\/a><\/div><\/div><\/div>\n                <\/div>\n            <\/div>\n        <\/div>\n    <\/div>[vc_empty_space height=&#8221;150px&#8221;]<div class=\"section section--no-pt section--no-pb section--gutter item_69f17fcdec4c6 vc_custom_1623072307892\" data-res-css=\"               \">\n            <div class=\"container-fluid px-md-0\">\n                <div class=\"product-preview product-preview--style-1\">\n                    <div class=\"__inner\">\n                        <div class=\"row\"><div class=\"col-12  \"><div class=\"__item\"><div class=\"__intro-text\"><div class=\"row\"><div class=\"col-md-11\"><h2> <span><\/span><\/h2><p><\/p><\/div><\/div><\/div><\/div><\/div><div class=\"col-12 col-md-12 col-xl-12 \"><div class=\"__item\"><figure class=\"__image\"><img src=\"http:\/\/176.52.130.206\/Institucional\/wp-content\/uploads\/2021\/04\/equipo-tecnico.png\" class=\"img-fluid\" alt=\"equipo-tecnico.png\"><\/figure><div class=\"__content\"><h3 class=\"__title\">Equipo tecnico<\/h3><\/div><a class=\"__link\" href=\"#\"><\/a><\/div><\/div><div class=\"col-12 col-md-7 col-xl-7 \"><div class=\"__item\"><figure class=\"__image\"><img src=\"http:\/\/176.52.130.206\/Institucional\/wp-content\/uploads\/2021\/05\/17-05-2021-18-46-29.png\" class=\"img-fluid\" alt=\"17-05-2021-18-46-29.png\"><\/figure><div class=\"__content\"><h3 class=\"__title\">Asesoramiento comercial<\/h3><\/div><a class=\"__link\" href=\"#\"><\/a><\/div><\/div><div class=\"col-12 col-md-5 col-xl-5 \"><div class=\"__item\"><figure class=\"__image\"><img src=\"http:\/\/176.52.130.206\/Institucional\/wp-content\/uploads\/2021\/05\/17-05-2021-19-04-40.png\" class=\"img-fluid\" alt=\"17-05-2021-19-04-40.png\"><\/figure><div class=\"__content\"><h3 class=\"__title\">Abastecimiento<\/h3><\/div><a class=\"__link\" href=\"#\"><\/a><\/div><\/div><div class=\"col-12 col-md-12 col-xl-12 \"><div class=\"__item\"><figure class=\"__image\"><img src=\"http:\/\/176.52.130.206\/Institucional\/wp-content\/uploads\/2021\/06\/07-06-2021-9-42-46.png\" class=\"img-fluid\" alt=\"07-06-2021-9-42-46.png\"><\/figure><div class=\"__content\"><h3 class=\"__title\">Trayectoria<\/h3><\/div><a class=\"__link\" href=\"#\"><\/a><\/div><\/div><\/div>\n                <\/div>\n            <\/div>\n        <\/div>\n    <\/div>[\/vc_column][\/vc_row][vc_row full_width=&#8221;container-stretch&#8221; css=&#8221;.vc_custom_1549758588878{margin-bottom: -50px !important;}&#8221; el_class=&#8221;section&#8221;][vc_column][\/vc_column][\/vc_row][vc_row full_width=&#8221;container-stretch&#8221; css=&#8221;.vc_custom_1613931920270{background-color: #f2f2f2 !important;}&#8221;][vc_column agro_disable_column=&#8221;yes&#8221; css_animation=&#8221;fadeIn&#8221; css=&#8221;.vc_custom_1613931888886{background-color: #f2f2f2 !important;}&#8221;][vc_empty_space height=&#8221;50px&#8221;][\/vc_column][\/vc_row][vc_row full_width=&#8221;container-stretch&#8221; css=&#8221;.vc_custom_1613931920270{background-color: #f2f2f2 !important;}&#8221;][vc_column agro_disable_column=&#8221;yes&#8221; css_animation=&#8221;fadeIn&#8221; css=&#8221;.vc_custom_1613931888886{background-color: #f2f2f2 !important;}&#8221;][vc_column_text css_animation=&#8221;fadeIn&#8221;]\n<h2>Contacto<\/h2>\n[\/vc_column_text][vc_empty_space height=&#8221;50px&#8221;][\/vc_column][\/vc_row][vc_row full_width=&#8221;container-stretch&#8221; css=&#8221;.vc_custom_1613931920270{background-color: #f2f2f2 !important;}&#8221;][vc_column agro_disable_column=&#8221;yes&#8221; css_animation=&#8221;fadeIn&#8221; width=&#8221;1\/2&#8243; css=&#8221;.vc_custom_1613931888886{background-color: #f2f2f2 !important;}&#8221;][\/vc_column][vc_column width=&#8221;1\/2&#8243;][vc_icon icon_fontawesome=&#8221;fa fa-envelope-open&#8221; color=&#8221;sky&#8221; size=&#8221;xl&#8221; align=&#8221;center&#8221;][vc_column_text css_animation=&#8221;fadeIn&#8221;]\n<p style=\"text-align: center;\"><em>Si desea realizar una consulta, complete el formulario y <\/em><\/p>\n<p style=\"text-align: center;\"><em>responderemos todas sus inquietudes.<\/em><\/p>\n[\/vc_column_text][vc_empty_space height=&#8221;25px&#8221;][vc_single_image image=&#8221;248&#8243; alignment=&#8221;center&#8221; css_animation=&#8221;fadeIn&#8221;][\/vc_column][\/vc_row][vc_row][vc_column][\/vc_column][\/vc_row][vc_row][vc_column][\/vc_column][\/vc_row]\n","protected":false},"excerpt":{"rendered":"<p>[vc_row][vc_column][\/vc_column][vc_column][\/vc_column][\/vc_row][vc_row full_width=&#8221;container-stretch&#8221; parallax=&#8221;content-moving-fade&#8221; parallax_image=&#8221;20&#8243; css=&#8221;.vc_custom_1615383079832{margin-bottom: -50px !important;}&#8221; el_class=&#8221;section&#8221;][vc_column][vc_empty_space height=&#8221;50px&#8221;][vc_column_text css_animation=&#8221;fadeIn&#8221;] Nuestra misi\u00f3n es ser un agente de servicio para el sector agropecuario, generando valor para nuestros grupos de inter\u00e9s a trav\u00e9s del conocimiento, la innovaci\u00f3n constante y la responsabilidad social. [\/vc_column_text][vc_empty_space height=&#8221;150px&#8221;][\/vc_column][\/vc_row][vc_row full_width=&#8221;container-stretch&#8221; css=&#8221;.vc_custom_1615381850793{margin-top: 0px !important;margin-bottom: 0px !important;border-top-width: 0px !important;border-bottom-width: 0px !important;padding-top: 2% !important;padding-bottom: 2%&#8230;<\/p>\n","protected":false},"author":1,"featured_media":0,"parent":0,"menu_order":0,"comment_status":"closed","ping_status":"open","template":"custom-page.php","meta":[],"_links":{"self":[{"href":"http:\/\/176.52.130.206\/Institucional\/wp-json\/wp\/v2\/pages\/712"}],"collection":[{"href":"http:\/\/176.52.130.206\/Institucional\/wp-json\/wp\/v2\/pages"}],"about":[{"href":"http:\/\/176.52.130.206\/Institucional\/wp-json\/wp\/v2\/types\/page"}],"author":[{"embeddable":true,"href":"http:\/\/176.52.130.206\/Institucional\/wp-json\/wp\/v2\/users\/1"}],"replies":[{"embeddable":true,"href":"http:\/\/176.52.130.206\/Institucional\/wp-json\/wp\/v2\/comments?post=712"}],"version-history":[{"count":161,"href":"http:\/\/176.52.130.206\/Institucional\/wp-json\/wp\/v2\/pages\/712\/revisions"}],"predecessor-version":[{"id":1736,"href":"http:\/\/176.52.130.206\/Institucional\/wp-json\/wp\/v2\/pages\/712\/revisions\/1736"}],"wp:attachment":[{"href":"http:\/\/176.52.130.206\/Institucional\/wp-json\/wp\/v2\/media?parent=712"}],"curies":[{"name":"wp","href":"https:\/\/api.w.org\/{rel}","templated":true}]}}