{"id":259,"date":"2019-02-05T09:56:02","date_gmt":"2019-02-05T09:56:02","guid":{"rendered":"https:\/\/ninetheme.com\/themes\/agro\/?page_id=259"},"modified":"2021-06-14T12:30:13","modified_gmt":"2021-06-14T15:30:13","slug":"areas-negocio","status":"publish","type":"page","link":"http:\/\/176.52.130.206\/Institucional\/areas-negocio\/","title":{"rendered":"Areas de Negocio"},"content":{"rendered":"[vc_row full_width=&#8221;container-null&#8221;][vc_column agro_disable_column=&#8221;yes&#8221; css=&#8221;.vc_custom_1614807820773{background-color: #1e73be !important;}&#8221;][vc_column_text css_animation=&#8221;fadeIn&#8221; css=&#8221;.vc_custom_1614807872426{padding-top: 15% !important;padding-right: 10% !important;padding-bottom: 5% !important;padding-left: 10% !important;}&#8221;]\n<h1><span style=\"color: #ffffff;\">AREAS <strong>DE NEGOCIO<\/strong><\/span><\/h1>\n[\/vc_column_text][\/vc_column][\/vc_row][vc_row full_width=&#8221;container-null&#8221;][vc_column agro_disable_column=&#8221;yes&#8221;][vc_empty_space height=&#8221;50px&#8221;][\/vc_column][\/vc_row][vc_row parallax=&#8221;content-moving&#8221; parallax_image=&#8221;1427&#8243; css=&#8221;.vc_custom_1616598827380{margin-top: 0px !important;margin-bottom: 0px !important;padding-top: 8% !important;padding-right: 10% !important;padding-bottom: 8% !important;padding-left: 10% !important;}&#8221;][vc_column][vc_row_inner][vc_column_inner width=&#8221;2\/3&#8243; css=&#8221;.vc_custom_1616610025859{padding-top: 7% !important;padding-right: 7% !important;padding-bottom: 7% !important;padding-left: 7% !important;background-color: rgba(226,235,243,0.9) !important;*background-color: rgb(226,235,243) !important;}&#8221;][vc_column_text]\n<h2>Acopio<\/h2>\n[\/vc_column_text][vc_column_text css_animation=&#8221;fadeIn&#8221;]\n<p style=\"font-size: 20px;\">Ofrecemos soluciones relacionadas a la comercializaci\u00f3n de cereales y oleaginosas buscando el mejor negocio para el productor, en funci\u00f3n a condiciones log\u00edsticas y de mercado del momento en que se coordina la entrega.<\/p>\n<p style=\"font-size: 20px;\"><em><strong>Ponemos a disposici\u00f3n nuestro equipo t\u00e9cnico para brindar asesoramiento en cuestiones comerciales, productivas, impositivas y financieras<\/strong><\/em><\/p>\n[\/vc_column_text][\/vc_column_inner][vc_column_inner width=&#8221;1\/3&#8243; css=&#8221;.vc_custom_1618070137137{padding-top: 3% !important;padding-right: 5% !important;padding-bottom: 5% !important;padding-left: 5% !important;border-radius: 3px !important;}&#8221;][\/vc_column_inner][\/vc_row_inner][\/vc_column][\/vc_row][vc_row css=&#8221;.vc_custom_1616598952363{margin-top: 0px !important;margin-bottom: 0px !important;padding-top: 8% !important;padding-right: 10% !important;padding-bottom: 8% !important;padding-left: 10% !important;}&#8221;][vc_column css=&#8221;.vc_custom_1616599022686{padding: 0px !important;border: 0px initial !important;}&#8221;]<div class=\"section section--no-pt section--no-pb section--gutter item_69f180ed591e0 vc_custom_1623002182475\" data-res-css=\"   .product-preview .__item:hover .__image+.__content {background-color: #288ebf; }            \">\n            <div class=\"container-fluid px-md-0\">\n                <div class=\"product-preview product-preview--style-1\">\n                    <div class=\"__inner\">\n                        <div class=\"row\"><div class=\"col-12  \"><div class=\"__item\"><div class=\"__intro-text\"><div class=\"row\"><div class=\"col-md-11\"><h2> <span><\/span><\/h2><p><\/p><\/div><\/div><\/div><\/div><\/div><div class=\"col-12 col-md-6 col-xl-6 \"><div class=\"__item\"><figure class=\"__image\"><img src=\"http:\/\/176.52.130.206\/Institucional\/wp-content\/uploads\/2021\/03\/operaciones-de-canje-ACOPIO.jpeg\" class=\"img-fluid\" alt=\"operaciones-de-canje-ACOPIO.jpeg\"><\/figure><div class=\"__content\"><h3 class=\"__title\">OPERACIONES DE CANJE<\/h3><\/div><a class=\"__link\" href=\"#\"><\/a><\/div><\/div><div class=\"col-12 col-md-6 col-xl-6 \"><div class=\"__item\"><figure class=\"__image\"><img src=\"http:\/\/176.52.130.206\/Institucional\/wp-content\/uploads\/2021\/03\/mercado-termino.png\" class=\"img-fluid\" alt=\"mercado-termino.png\"><\/figure><div class=\"__content\"><h3 class=\"__title\">ESTRATEGIAS DE COBERTURA EN MERCADO A TERMINO<\/h3><\/div><a class=\"__link\" href=\"#\"><\/a><\/div><\/div><div class=\"col-12 col-md-7 col-xl-7 \"><div class=\"__item\"><figure class=\"__image\"><img src=\"http:\/\/176.52.130.206\/Institucional\/wp-content\/uploads\/2021\/03\/Logistica.png\" class=\"img-fluid\" alt=\"Logistica.png\"><\/figure><div class=\"__content\"><h3 class=\"__title\">ADAPTABILIDAD A NECESIDADES LOG\u00cdSTICAS Y ADMINISTRATIVAS DE CADA CLIENTE<\/h3><\/div><a class=\"__link\" href=\"#\"><\/a><\/div><\/div><div class=\"col-12 col-md-5 col-xl-5 \"><div class=\"__item\"><figure class=\"__image\"><img src=\"http:\/\/176.52.130.206\/Institucional\/wp-content\/uploads\/2021\/03\/asesoramiento-en-mdo-de-granos-ACOPIO.png\" class=\"img-fluid\" alt=\"asesoramiento-en-mdo-de-granos-ACOPIO.png\"><\/figure><div class=\"__content\"><h3 class=\"__title\">Asesoramiento en mercado de granos<\/h3><\/div><a class=\"__link\" href=\"#\"><\/a><\/div><\/div><\/div>\n                <\/div>\n            <\/div>\n        <\/div>\n    <\/div>[\/vc_column][\/vc_row][vc_row parallax=&#8221;content-moving&#8221; parallax_image=&#8221;1327&#8243; css=&#8221;.vc_custom_1616610803651{padding-top: 5% !important;padding-right: 10% !important;padding-bottom: 5% !important;padding-left: 10% !important;}&#8221;][vc_column][vc_row_inner][vc_column_inner width=&#8221;2\/3&#8243; css=&#8221;.vc_custom_1616610048743{padding-top: 7% !important;padding-right: 7% !important;padding-bottom: 7% !important;padding-left: 7% !important;background-color: rgba(226,235,243,0.9) !important;*background-color: rgb(226,235,243) !important;}&#8221;][vc_column_text css_animation=&#8221;fadeIn&#8221;]\n<h2>Agroinsumos<\/h2>\n<p style=\"font-size: 20px;\">Contamos con variedad y stock de agroqu\u00edmicos, fertilizantes, semillas y silobolsas, de manera de cubrir las necesidades productivas durante todo el ciclo.<\/p>\n<p style=\"font-size: 20px;\">Para ello, nuestros asesores t\u00e9cnicos y comerciales realizan el seguimiento del cultivo durante cada etapa y acercan al cliente los mejores negocios en cada una de ellas.<\/p>\n<p style=\"font-size: 20px;\">Por otro lado, la log\u00edstica propia de almacenaje y despacho juega un rol fundamental a la hora de cubrir los requerimientos en tiempo y forma<\/p>\n<p style=\"font-size: 20px;\"><strong><em>Opciones financieras seg\u00fan coyuntura econ\u00f3mica de manera de mejorar el negocio ofrecido<\/em><\/strong><\/p>\n[\/vc_column_text][\/vc_column_inner][vc_column_inner width=&#8221;1\/3&#8243; css=&#8221;.vc_custom_1618070754992{border-radius: 3px !important;}&#8221;][vc_column_text css_animation=&#8221;fadeIn&#8221; css=&#8221;.vc_custom_1623684612605{margin-right: 3% !important;margin-left: 9% !important;padding-top: 5% !important;padding-right: 5% !important;padding-bottom: 5% !important;padding-left: 5% !important;background-color: #ffffff !important;border-radius: 3px !important;}&#8221;]\n<h4 style=\"text-align: center;\"><strong><span style=\"color: #333333;\"><a style=\"color: #333333;\" href=\"https:\/\/www.environmentalrespect.com\/winners\/2016-winners\/cerealista-moldes\/\" target=\"_blank\" rel=\"noopener\">Premio Enviromental Respect Awards<\/a><\/span><\/strong><\/h4>\n<p><a href=\"https:\/\/www.environmentalrespect.com\/winners\/2016-winners\/cerealista-moldes\/\" target=\"_blank\" rel=\"noopener\"><img loading=\"lazy\" class=\"alignnone size-full wp-image-1505 aligncenter\" src=\"http:\/\/176.52.130.206\/\/Institucional\/wp-content\/uploads\/2021\/04\/site_logo_2019.gif\" alt=\"\" width=\"245\" height=\"100\" \/><\/a>[\/vc_column_text][vc_empty_space height=&#8221;50px&#8221;][vc_column_text css_animation=&#8221;fadeIn&#8221; css=&#8221;.vc_custom_1618071783507{margin-right: 3% !important;margin-left: 9% !important;padding-top: 5% !important;padding-right: 5% !important;padding-bottom: 5% !important;padding-left: 5% !important;background-color: #ffffff !important;border-radius: 3px !important;}&#8221;]\n<h4 style=\"text-align: center;\"><strong><span style=\"color: #333333;\"><a style=\"color: #333333;\" rel=\"noopener\">\u00a0Somos representantes\u00a0<\/a><\/span><\/strong><\/h4>\n<p><img loading=\"lazy\" class=\"alignnone wp-image-903\" src=\"http:\/\/176.52.130.206\/\/wordpress\/wp-content\/uploads\/2021\/02\/yara-us-1200-300x148.jpg\" alt=\"\" width=\"150\" height=\"74\" srcset=\"http:\/\/176.52.130.206\/Institucional\/wp-content\/uploads\/2021\/02\/yara-us-1200-300x148.jpg 300w, http:\/\/176.52.130.206\/Institucional\/wp-content\/uploads\/2021\/02\/yara-us-1200-120x59.jpg 120w, http:\/\/176.52.130.206\/Institucional\/wp-content\/uploads\/2021\/02\/yara-us-1200-240x118.jpg 240w, http:\/\/176.52.130.206\/Institucional\/wp-content\/uploads\/2021\/02\/yara-us-1200-360x177.jpg 360w, http:\/\/176.52.130.206\/Institucional\/wp-content\/uploads\/2021\/02\/yara-us-1200.jpg 480w\" sizes=\"(max-width: 150px) 100vw, 150px\" \/><img loading=\"lazy\" class=\"alignnone wp-image-902\" src=\"http:\/\/176.52.130.206\/\/wordpress\/wp-content\/uploads\/2021\/02\/corteva-300x200.jpg\" alt=\"\" width=\"135\" height=\"90\" srcset=\"http:\/\/176.52.130.206\/Institucional\/wp-content\/uploads\/2021\/02\/corteva-300x200.jpg 300w, http:\/\/176.52.130.206\/Institucional\/wp-content\/uploads\/2021\/02\/corteva-768x512.jpg 768w, http:\/\/176.52.130.206\/Institucional\/wp-content\/uploads\/2021\/02\/corteva-120x80.jpg 120w, http:\/\/176.52.130.206\/Institucional\/wp-content\/uploads\/2021\/02\/corteva-240x160.jpg 240w, http:\/\/176.52.130.206\/Institucional\/wp-content\/uploads\/2021\/02\/corteva-360x240.jpg 360w, http:\/\/176.52.130.206\/Institucional\/wp-content\/uploads\/2021\/02\/corteva-480x320.jpg 480w, http:\/\/176.52.130.206\/Institucional\/wp-content\/uploads\/2021\/02\/corteva-820x546.jpg 820w, http:\/\/176.52.130.206\/Institucional\/wp-content\/uploads\/2021\/02\/corteva.jpg 851w\" sizes=\"(max-width: 135px) 100vw, 135px\" \/>[\/vc_column_text][\/vc_column_inner][\/vc_row_inner][vc_empty_space height=&#8221;50px&#8221;][\/vc_column][\/vc_row][vc_row full_width=&#8221;container-null&#8221;][vc_column css=&#8221;.vc_custom_1614452979530{padding-top: 5% !important;padding-right: 10% !important;padding-bottom: 5% !important;padding-left: 10% !important;}&#8221;][vc_empty_space height=&#8221;50px&#8221;][\/vc_column][\/vc_row][vc_row parallax=&#8221;content-moving&#8221; parallax_image=&#8221;1563&#8243; css=&#8221;.vc_custom_1621290576723{padding-top: 5% !important;padding-right: 10% !important;padding-bottom: 5% !important;padding-left: 10% !important;}&#8221;][vc_column][vc_row_inner][vc_column_inner width=&#8221;2\/3&#8243; css=&#8221;.vc_custom_1616610048743{padding-top: 7% !important;padding-right: 7% !important;padding-bottom: 7% !important;padding-left: 7% !important;background-color: rgba(226,235,243,0.9) !important;*background-color: rgb(226,235,243) !important;}&#8221;][vc_column_text css_animation=&#8221;fadeIn&#8221;]\n<h2>Log\u00edstica<\/h2>\n<p style=\"font-size: 20px;\"><strong><em>Disponemos de una flota propia de diez camiones con acoplado cuya funci\u00f3n principal es dar soporte a las unidades de acopio y agroinsumos<\/em>.<\/strong><\/p>\n<p style=\"font-size: 20px;\">De esta forma podemos controlar una variable muy importante como es la log\u00edstica y concretar el negocio seg\u00fan las condiciones pactadas<\/p>\n[\/vc_column_text][\/vc_column_inner][vc_column_inner width=&#8221;1\/3&#8243; css=&#8221;.vc_custom_1618070754992{border-radius: 3px !important;}&#8221;][\/vc_column_inner][\/vc_row_inner][vc_empty_space height=&#8221;50px&#8221;][\/vc_column][\/vc_row][vc_row full_width=&#8221;container-null&#8221;][vc_column css=&#8221;.vc_custom_1614452979530{padding-top: 5% !important;padding-right: 10% !important;padding-bottom: 5% !important;padding-left: 10% !important;}&#8221;][vc_empty_space height=&#8221;100px&#8221;][\/vc_column][\/vc_row]\n","protected":false},"excerpt":{"rendered":"<p>[vc_row full_width=&#8221;container-null&#8221;][vc_column agro_disable_column=&#8221;yes&#8221; css=&#8221;.vc_custom_1614807820773{background-color: #1e73be !important;}&#8221;][vc_column_text css_animation=&#8221;fadeIn&#8221; css=&#8221;.vc_custom_1614807872426{padding-top: 15% !important;padding-right: 10% !important;padding-bottom: 5% !important;padding-left: 10% !important;}&#8221;] AREAS DE NEGOCIO [\/vc_column_text][\/vc_column][\/vc_row][vc_row full_width=&#8221;container-null&#8221;][vc_column agro_disable_column=&#8221;yes&#8221;][vc_empty_space height=&#8221;50px&#8221;][\/vc_column][\/vc_row][vc_row parallax=&#8221;content-moving&#8221; parallax_image=&#8221;1427&#8243; css=&#8221;.vc_custom_1616598827380{margin-top: 0px !important;margin-bottom: 0px !important;padding-top: 8% !important;padding-right: 10% !important;padding-bottom: 8% !important;padding-left: 10% !important;}&#8221;][vc_column][vc_row_inner][vc_column_inner width=&#8221;2\/3&#8243; css=&#8221;.vc_custom_1616610025859{padding-top: 7% !important;padding-right: 7% !important;padding-bottom: 7% !important;padding-left: 7% !important;background-color: rgba(226,235,243,0.9) !important;*background-color: rgb(226,235,243) !important;}&#8221;][vc_column_text] Acopio [\/vc_column_text][vc_column_text css_animation=&#8221;fadeIn&#8221;]&#8230;<\/p>\n","protected":false},"author":1,"featured_media":901,"parent":0,"menu_order":0,"comment_status":"closed","ping_status":"closed","template":"custom-page.php","meta":[],"_links":{"self":[{"href":"http:\/\/176.52.130.206\/Institucional\/wp-json\/wp\/v2\/pages\/259"}],"collection":[{"href":"http:\/\/176.52.130.206\/Institucional\/wp-json\/wp\/v2\/pages"}],"about":[{"href":"http:\/\/176.52.130.206\/Institucional\/wp-json\/wp\/v2\/types\/page"}],"author":[{"embeddable":true,"href":"http:\/\/176.52.130.206\/Institucional\/wp-json\/wp\/v2\/users\/1"}],"replies":[{"embeddable":true,"href":"http:\/\/176.52.130.206\/Institucional\/wp-json\/wp\/v2\/comments?post=259"}],"version-history":[{"count":164,"href":"http:\/\/176.52.130.206\/Institucional\/wp-json\/wp\/v2\/pages\/259\/revisions"}],"predecessor-version":[{"id":1704,"href":"http:\/\/176.52.130.206\/Institucional\/wp-json\/wp\/v2\/pages\/259\/revisions\/1704"}],"wp:featuredmedia":[{"embeddable":true,"href":"http:\/\/176.52.130.206\/Institucional\/wp-json\/wp\/v2\/media\/901"}],"wp:attachment":[{"href":"http:\/\/176.52.130.206\/Institucional\/wp-json\/wp\/v2\/media?parent=259"}],"curies":[{"name":"wp","href":"https:\/\/api.w.org\/{rel}","templated":true}]}}